{"id":1448,"date":"2022-08-25T13:27:00","date_gmt":"2022-08-25T13:27:00","guid":{"rendered":"https:\/\/drukarniamaria.pl\/index.php\/home\/"},"modified":"2025-02-02T20:07:35","modified_gmt":"2025-02-02T20:07:35","slug":"home","status":"publish","type":"page","link":"https:\/\/drukarniamaria.pl\/","title":{"rendered":"Home"},"content":{"rendered":"<h1>Drukarnia Maria<\/h1>\n<h2>Drukuj razem z nami!<\/h2>\n<p>\t\t\t<a href=\"#\"><br \/>\n\t\t\t\t\t\tExplore<br \/>\n\t\t\t\t\t<\/a><br \/>\n\t\t\t\t\t\t\t\t\t\t\t\t\t\t\t<img loading=\"lazy\" decoding=\"async\" width=\"500\" height=\"500\" src=\"https:\/\/drukarniamaria.pl\/wp-content\/uploads\/2024\/02\/Druk-UV-ikona.png\" alt=\"\" srcset=\"https:\/\/drukarniamaria.pl\/wp-content\/uploads\/2024\/02\/Druk-UV-ikona.png 500w, https:\/\/drukarniamaria.pl\/wp-content\/uploads\/2024\/02\/Druk-UV-ikona-300x300.png 300w, https:\/\/drukarniamaria.pl\/wp-content\/uploads\/2024\/02\/Druk-UV-ikona-150x150.png 150w\" sizes=\"auto, (max-width: 500px) 100vw, 500px\" \/>\t\t\t\t\t\t\t\t\t\t\t\t\t\t\t<\/p>\n<h4>Druk UV<\/h4>\n<p>Wykorzystuje technologi\u0119 utwardzania atramentu za pomoc\u0105 promieniowania ultrafioletowego, co umo\u017cliwia szybkie i trwa\u0142e nadruki na r\u00f3\u017cnorodnych materia\u0142ach.<\/p>\n<p>\t\t\t\t\t\t\t\t\t\t\t\t\t\t\t<img loading=\"lazy\" decoding=\"async\" width=\"500\" height=\"500\" src=\"https:\/\/drukarniamaria.pl\/wp-content\/uploads\/2024\/02\/5.png\" alt=\"\" srcset=\"https:\/\/drukarniamaria.pl\/wp-content\/uploads\/2024\/02\/5.png 500w, https:\/\/drukarniamaria.pl\/wp-content\/uploads\/2024\/02\/5-300x300.png 300w, https:\/\/drukarniamaria.pl\/wp-content\/uploads\/2024\/02\/5-150x150.png 150w\" sizes=\"auto, (max-width: 500px) 100vw, 500px\" \/>\t\t\t\t\t\t\t\t\t\t\t\t\t\t\t<\/p>\n<h4>Druk cyfrowy<\/h4>\n<p>Technologia reprodukcji grafiki lub tekstu bezpo\u015brednio z pliku cyfrowego, umo\u017cliwiaj\u0105ca elastyczno\u015b\u0107, szybko\u015b\u0107 oraz personalizacj\u0119 wydruk\u00f3w na \u017c\u0105danie.<\/p>\n<p>\t\t\t\t\t\t\t\t\t\t\t\t\t\t\t<img loading=\"lazy\" decoding=\"async\" width=\"500\" height=\"500\" src=\"https:\/\/drukarniamaria.pl\/wp-content\/uploads\/2024\/02\/6.png\" alt=\"\" srcset=\"https:\/\/drukarniamaria.pl\/wp-content\/uploads\/2024\/02\/6.png 500w, https:\/\/drukarniamaria.pl\/wp-content\/uploads\/2024\/02\/6-300x300.png 300w, https:\/\/drukarniamaria.pl\/wp-content\/uploads\/2024\/02\/6-150x150.png 150w\" sizes=\"auto, (max-width: 500px) 100vw, 500px\" \/>\t\t\t\t\t\t\t\t\t\t\t\t\t\t\t<\/p>\n<h4>Przygotowywanie druku oraz wyko\u0144czenie <\/h4>\n<p>Czynno\u015bci zwi\u0105zane z opracowaniem tekstu i obrazu oraz wyka\u0144czanie i uszlachetnianie wydrukowanych materia\u0142\u00f3w.<\/p>\n<h2>Kontakt <\/h2>\n<h4>\n\t\t\t\t\t\tAdres<br \/>\n\t\t\t\t<\/h4>\n<p>\n\t\t\t\t\t\tRaciborska 34, 47-253 Kobylice\t\t\t\t\t<\/p>\n<h4>\n\t\t\t\t\t\tTelefon<br \/>\n\t\t\t\t<\/h4>\n<p>\n\t\t\t\t\t\t+48 795 800 230\t\t\t\t\t<\/p>\n<h4>\n\t\t\t\t\t\tEmail<br \/>\n\t\t\t\t<\/h4>\n<p>\n\t\t\t\t\t\tbiuro@drukarniamaria.pl\t\t\t\t\t<\/p>\n<p>\t\t\t<iframe loading=\"lazy\"\n\t\t\t\t\tsrc=\"https:\/\/maps.google.com\/maps?q=Drukarnia%20Maria%20&#038;t=m&#038;z=14&#038;output=embed&#038;iwloc=near\"\n\t\t\t\t\ttitle=\"Drukarnia Maria \"\n\t\t\t\t\taria-label=\"Drukarnia Maria \"\n\t\t\t><\/iframe><\/p>\n<h3>Zaobserwuj nas!<\/h3>\n<p>\t\t\t\t\t<a href=\"https:\/\/www.facebook.com\/profile.php?id=61556529034181\" target=\"_blank\" rel=\"noopener\"><br \/>\n\t\t\t\t\t\tFacebook<br \/>\n\t\t\t\t\t\t\t\t\t\t\t<\/a><br \/>\n\t\t\t\t\t<a href=\"https:\/\/www.instagram.com\/drukarniamaria\/\" target=\"_blank\" rel=\"noopener\"><br \/>\n\t\t\t\t\t\tInstagram<br \/>\n\t\t\t\t\t\t\t\t\t\t\t<\/a><\/p>\n","protected":false},"excerpt":{"rendered":"<p>Drukarnia Maria Drukuj razem z nami! Explore Druk UV Wykorzystuje technologi\u0119 utwardzania atramentu za pomoc\u0105 promieniowania ultrafioletowego, co umo\u017cliwia szybkie i trwa\u0142e nadruki na r\u00f3\u017cnorodnych materia\u0142ach. Druk cyfrowy Technologia reprodukcji grafiki lub tekstu bezpo\u015brednio z pliku cyfrowego, umo\u017cliwiaj\u0105ca elastyczno\u015b\u0107, szybko\u015b\u0107 oraz personalizacj\u0119 wydruk\u00f3w na \u017c\u0105danie. Przygotowywanie druku oraz wyko\u0144czenie Czynno\u015bci zwi\u0105zane z opracowaniem tekstu i [&hellip;]<\/p>\n","protected":false},"author":1,"featured_media":0,"parent":0,"menu_order":0,"comment_status":"closed","ping_status":"closed","template":"","meta":{"site-sidebar-layout":"no-sidebar","site-content-layout":"page-builder","ast-site-content-layout":"full-width-container","site-content-style":"unboxed","site-sidebar-style":"unboxed","ast-global-header-display":"","ast-banner-title-visibility":"","ast-main-header-display":"","ast-hfb-above-header-display":"","ast-hfb-below-header-display":"","ast-hfb-mobile-header-display":"","site-post-title":"disabled","ast-breadcrumbs-content":"","ast-featured-img":"disabled","footer-sml-layout":"","ast-disable-related-posts":"","theme-transparent-header-meta":"enabled","adv-header-id-meta":"","stick-header-meta":"","header-above-stick-meta":"","header-main-stick-meta":"","header-below-stick-meta":"","astra-migrate-meta-layouts":"set","ast-page-background-enabled":"default","ast-page-background-meta":{"desktop":{"background-color":"var(--ast-global-color-4)","background-image":"","background-repeat":"repeat","background-position":"center center","background-size":"auto","background-attachment":"scroll","background-type":"","background-media":"","overlay-type":"","overlay-color":"","overlay-opacity":"","overlay-gradient":""},"tablet":{"background-color":"","background-image":"","background-repeat":"repeat","background-position":"center center","background-size":"auto","background-attachment":"scroll","background-type":"","background-media":"","overlay-type":"","overlay-color":"","overlay-opacity":"","overlay-gradient":""},"mobile":{"background-color":"","background-image":"","background-repeat":"repeat","background-position":"center center","background-size":"auto","background-attachment":"scroll","background-type":"","background-media":"","overlay-type":"","overlay-color":"","overlay-opacity":"","overlay-gradient":""}},"ast-content-background-meta":{"desktop":{"background-color":"var(--ast-global-color-5)","background-image":"","background-repeat":"repeat","background-position":"center center","background-size":"auto","background-attachment":"scroll","background-type":"","background-media":"","overlay-type":"","overlay-color":"","overlay-opacity":"","overlay-gradient":""},"tablet":{"background-color":"var(--ast-global-color-5)","background-image":"","background-repeat":"repeat","background-position":"center center","background-size":"auto","background-attachment":"scroll","background-type":"","background-media":"","overlay-type":"","overlay-color":"","overlay-opacity":"","overlay-gradient":""},"mobile":{"background-color":"var(--ast-global-color-5)","background-image":"","background-repeat":"repeat","background-position":"center center","background-size":"auto","background-attachment":"scroll","background-type":"","background-media":"","overlay-type":"","overlay-color":"","overlay-opacity":"","overlay-gradient":""}},"footnotes":""},"class_list":["post-1448","page","type-page","status-publish","hentry"],"yoast_head":"<!-- This site is optimized with the Yoast SEO plugin v27.3 - https:\/\/yoast.com\/product\/yoast-seo-wordpress\/ -->\n<title>Home - Drukarnia Maria<\/title>\n<meta name=\"robots\" content=\"index, follow, max-snippet:-1, max-image-preview:large, max-video-preview:-1\" \/>\n<link rel=\"canonical\" href=\"https:\/\/drukarniamaria.pl\/\" \/>\n<meta property=\"og:locale\" content=\"pl_PL\" \/>\n<meta property=\"og:type\" content=\"article\" \/>\n<meta property=\"og:title\" content=\"Home - Drukarnia Maria\" \/>\n<meta property=\"og:description\" content=\"Drukarnia Maria Drukuj razem z nami! Explore Druk UV Wykorzystuje technologi\u0119 utwardzania atramentu za pomoc\u0105 promieniowania ultrafioletowego, co umo\u017cliwia szybkie i trwa\u0142e nadruki na r\u00f3\u017cnorodnych materia\u0142ach. Druk cyfrowy Technologia reprodukcji grafiki lub tekstu bezpo\u015brednio z pliku cyfrowego, umo\u017cliwiaj\u0105ca elastyczno\u015b\u0107, szybko\u015b\u0107 oraz personalizacj\u0119 wydruk\u00f3w na \u017c\u0105danie. Przygotowywanie druku oraz wyko\u0144czenie Czynno\u015bci zwi\u0105zane z opracowaniem tekstu i [&hellip;]\" \/>\n<meta property=\"og:url\" content=\"https:\/\/drukarniamaria.pl\/\" \/>\n<meta property=\"og:site_name\" content=\"Drukarnia Maria\" \/>\n<meta property=\"article:modified_time\" content=\"2025-02-02T20:07:35+00:00\" \/>\n<meta property=\"og:image\" content=\"https:\/\/drukarniamaria.pl\/wp-content\/uploads\/2024\/02\/Druk-UV-ikona.png\" \/>\n<meta name=\"twitter:card\" content=\"summary_large_image\" \/>\n<meta name=\"twitter:label1\" content=\"Szacowany czas czytania\" \/>\n\t<meta name=\"twitter:data1\" content=\"1 minuta\" \/>\n<script type=\"application\/ld+json\" class=\"yoast-schema-graph\">{\"@context\":\"https:\\\/\\\/schema.org\",\"@graph\":[{\"@type\":\"WebPage\",\"@id\":\"https:\\\/\\\/drukarniamaria.pl\\\/\",\"url\":\"https:\\\/\\\/drukarniamaria.pl\\\/\",\"name\":\"Home - Drukarnia Maria\",\"isPartOf\":{\"@id\":\"https:\\\/\\\/drukarniamaria.pl\\\/#website\"},\"primaryImageOfPage\":{\"@id\":\"https:\\\/\\\/drukarniamaria.pl\\\/#primaryimage\"},\"image\":{\"@id\":\"https:\\\/\\\/drukarniamaria.pl\\\/#primaryimage\"},\"thumbnailUrl\":\"https:\\\/\\\/drukarniamaria.pl\\\/wp-content\\\/uploads\\\/2024\\\/02\\\/Druk-UV-ikona.png\",\"datePublished\":\"2022-08-25T13:27:00+00:00\",\"dateModified\":\"2025-02-02T20:07:35+00:00\",\"breadcrumb\":{\"@id\":\"https:\\\/\\\/drukarniamaria.pl\\\/#breadcrumb\"},\"inLanguage\":\"pl-PL\",\"potentialAction\":[{\"@type\":\"ReadAction\",\"target\":[\"https:\\\/\\\/drukarniamaria.pl\\\/\"]}]},{\"@type\":\"ImageObject\",\"inLanguage\":\"pl-PL\",\"@id\":\"https:\\\/\\\/drukarniamaria.pl\\\/#primaryimage\",\"url\":\"https:\\\/\\\/drukarniamaria.pl\\\/wp-content\\\/uploads\\\/2024\\\/02\\\/Druk-UV-ikona.png\",\"contentUrl\":\"https:\\\/\\\/drukarniamaria.pl\\\/wp-content\\\/uploads\\\/2024\\\/02\\\/Druk-UV-ikona.png\",\"width\":500,\"height\":500},{\"@type\":\"BreadcrumbList\",\"@id\":\"https:\\\/\\\/drukarniamaria.pl\\\/#breadcrumb\",\"itemListElement\":[{\"@type\":\"ListItem\",\"position\":1,\"name\":\"Home\",\"item\":\"https:\\\/\\\/drukarniamaria.pl\\\/\"},{\"@type\":\"ListItem\",\"position\":2,\"name\":\"Home\"}]},{\"@type\":\"WebSite\",\"@id\":\"https:\\\/\\\/drukarniamaria.pl\\\/#website\",\"url\":\"https:\\\/\\\/drukarniamaria.pl\\\/\",\"name\":\"Drukarnia Maria\",\"description\":\"\",\"publisher\":{\"@id\":\"https:\\\/\\\/drukarniamaria.pl\\\/#organization\"},\"potentialAction\":[{\"@type\":\"SearchAction\",\"target\":{\"@type\":\"EntryPoint\",\"urlTemplate\":\"https:\\\/\\\/drukarniamaria.pl\\\/?s={search_term_string}\"},\"query-input\":{\"@type\":\"PropertyValueSpecification\",\"valueRequired\":true,\"valueName\":\"search_term_string\"}}],\"inLanguage\":\"pl-PL\"},{\"@type\":\"Organization\",\"@id\":\"https:\\\/\\\/drukarniamaria.pl\\\/#organization\",\"name\":\"Drukarnia Maria\",\"url\":\"https:\\\/\\\/drukarniamaria.pl\\\/\",\"logo\":{\"@type\":\"ImageObject\",\"inLanguage\":\"pl-PL\",\"@id\":\"https:\\\/\\\/drukarniamaria.pl\\\/#\\\/schema\\\/logo\\\/image\\\/\",\"url\":\"https:\\\/\\\/drukarniamaria.pl\\\/wp-content\\\/uploads\\\/2024\\\/02\\\/Drukarnia_strona_internetowa_logo__360x120_.png\",\"contentUrl\":\"https:\\\/\\\/drukarniamaria.pl\\\/wp-content\\\/uploads\\\/2024\\\/02\\\/Drukarnia_strona_internetowa_logo__360x120_.png\",\"width\":360,\"height\":120,\"caption\":\"Drukarnia Maria\"},\"image\":{\"@id\":\"https:\\\/\\\/drukarniamaria.pl\\\/#\\\/schema\\\/logo\\\/image\\\/\"}}]}<\/script>\n<!-- \/ Yoast SEO plugin. -->","yoast_head_json":{"title":"Home - Drukarnia Maria","robots":{"index":"index","follow":"follow","max-snippet":"max-snippet:-1","max-image-preview":"max-image-preview:large","max-video-preview":"max-video-preview:-1"},"canonical":"https:\/\/drukarniamaria.pl\/","og_locale":"pl_PL","og_type":"article","og_title":"Home - Drukarnia Maria","og_description":"Drukarnia Maria Drukuj razem z nami! Explore Druk UV Wykorzystuje technologi\u0119 utwardzania atramentu za pomoc\u0105 promieniowania ultrafioletowego, co umo\u017cliwia szybkie i trwa\u0142e nadruki na r\u00f3\u017cnorodnych materia\u0142ach. Druk cyfrowy Technologia reprodukcji grafiki lub tekstu bezpo\u015brednio z pliku cyfrowego, umo\u017cliwiaj\u0105ca elastyczno\u015b\u0107, szybko\u015b\u0107 oraz personalizacj\u0119 wydruk\u00f3w na \u017c\u0105danie. Przygotowywanie druku oraz wyko\u0144czenie Czynno\u015bci zwi\u0105zane z opracowaniem tekstu i [&hellip;]","og_url":"https:\/\/drukarniamaria.pl\/","og_site_name":"Drukarnia Maria","article_modified_time":"2025-02-02T20:07:35+00:00","og_image":[{"url":"https:\/\/drukarniamaria.pl\/wp-content\/uploads\/2024\/02\/Druk-UV-ikona.png","type":"","width":"","height":""}],"twitter_card":"summary_large_image","twitter_misc":{"Szacowany czas czytania":"1 minuta"},"schema":{"@context":"https:\/\/schema.org","@graph":[{"@type":"WebPage","@id":"https:\/\/drukarniamaria.pl\/","url":"https:\/\/drukarniamaria.pl\/","name":"Home - Drukarnia Maria","isPartOf":{"@id":"https:\/\/drukarniamaria.pl\/#website"},"primaryImageOfPage":{"@id":"https:\/\/drukarniamaria.pl\/#primaryimage"},"image":{"@id":"https:\/\/drukarniamaria.pl\/#primaryimage"},"thumbnailUrl":"https:\/\/drukarniamaria.pl\/wp-content\/uploads\/2024\/02\/Druk-UV-ikona.png","datePublished":"2022-08-25T13:27:00+00:00","dateModified":"2025-02-02T20:07:35+00:00","breadcrumb":{"@id":"https:\/\/drukarniamaria.pl\/#breadcrumb"},"inLanguage":"pl-PL","potentialAction":[{"@type":"ReadAction","target":["https:\/\/drukarniamaria.pl\/"]}]},{"@type":"ImageObject","inLanguage":"pl-PL","@id":"https:\/\/drukarniamaria.pl\/#primaryimage","url":"https:\/\/drukarniamaria.pl\/wp-content\/uploads\/2024\/02\/Druk-UV-ikona.png","contentUrl":"https:\/\/drukarniamaria.pl\/wp-content\/uploads\/2024\/02\/Druk-UV-ikona.png","width":500,"height":500},{"@type":"BreadcrumbList","@id":"https:\/\/drukarniamaria.pl\/#breadcrumb","itemListElement":[{"@type":"ListItem","position":1,"name":"Home","item":"https:\/\/drukarniamaria.pl\/"},{"@type":"ListItem","position":2,"name":"Home"}]},{"@type":"WebSite","@id":"https:\/\/drukarniamaria.pl\/#website","url":"https:\/\/drukarniamaria.pl\/","name":"Drukarnia Maria","description":"","publisher":{"@id":"https:\/\/drukarniamaria.pl\/#organization"},"potentialAction":[{"@type":"SearchAction","target":{"@type":"EntryPoint","urlTemplate":"https:\/\/drukarniamaria.pl\/?s={search_term_string}"},"query-input":{"@type":"PropertyValueSpecification","valueRequired":true,"valueName":"search_term_string"}}],"inLanguage":"pl-PL"},{"@type":"Organization","@id":"https:\/\/drukarniamaria.pl\/#organization","name":"Drukarnia Maria","url":"https:\/\/drukarniamaria.pl\/","logo":{"@type":"ImageObject","inLanguage":"pl-PL","@id":"https:\/\/drukarniamaria.pl\/#\/schema\/logo\/image\/","url":"https:\/\/drukarniamaria.pl\/wp-content\/uploads\/2024\/02\/Drukarnia_strona_internetowa_logo__360x120_.png","contentUrl":"https:\/\/drukarniamaria.pl\/wp-content\/uploads\/2024\/02\/Drukarnia_strona_internetowa_logo__360x120_.png","width":360,"height":120,"caption":"Drukarnia Maria"},"image":{"@id":"https:\/\/drukarniamaria.pl\/#\/schema\/logo\/image\/"}}]}},"_links":{"self":[{"href":"https:\/\/drukarniamaria.pl\/index.php\/wp-json\/wp\/v2\/pages\/1448","targetHints":{"allow":["GET"]}}],"collection":[{"href":"https:\/\/drukarniamaria.pl\/index.php\/wp-json\/wp\/v2\/pages"}],"about":[{"href":"https:\/\/drukarniamaria.pl\/index.php\/wp-json\/wp\/v2\/types\/page"}],"author":[{"embeddable":true,"href":"https:\/\/drukarniamaria.pl\/index.php\/wp-json\/wp\/v2\/users\/1"}],"replies":[{"embeddable":true,"href":"https:\/\/drukarniamaria.pl\/index.php\/wp-json\/wp\/v2\/comments?post=1448"}],"version-history":[{"count":33,"href":"https:\/\/drukarniamaria.pl\/index.php\/wp-json\/wp\/v2\/pages\/1448\/revisions"}],"predecessor-version":[{"id":1888,"href":"https:\/\/drukarniamaria.pl\/index.php\/wp-json\/wp\/v2\/pages\/1448\/revisions\/1888"}],"wp:attachment":[{"href":"https:\/\/drukarniamaria.pl\/index.php\/wp-json\/wp\/v2\/media?parent=1448"}],"curies":[{"name":"wp","href":"https:\/\/api.w.org\/{rel}","templated":true}]}}