{"id":16,"date":"2021-11-21T15:14:44","date_gmt":"2021-11-21T15:14:44","guid":{"rendered":"https:\/\/drukarniamaria.pl\/index.php\/contact\/"},"modified":"2024-02-18T20:00:40","modified_gmt":"2024-02-18T20:00:40","slug":"contact","status":"publish","type":"page","link":"https:\/\/drukarniamaria.pl\/index.php\/contact\/","title":{"rendered":"Kontakt"},"content":{"rendered":"<h1>Skontaktuj si\u0119 z nami<\/h1>\n<h2>Formularz kontaktowy:<\/h2>\n<form id=\"wpforms-form-6\" data-formid=\"6\" method=\"post\" enctype=\"multipart\/form-data\" action=\"\/wp-admin\/admin-ajax.php\" data-token=\"3fc2678ef1e1ba17bcff31c9ee5f3536\"><noscript>Please enable JavaScript in your browser to complete this form.<\/noscript><label for=\"wpforms-6-field_7\">Imi\u0119 i nazwisko\/Nazwa firmy<\/label><input type=\"text\" id=\"wpforms-6-field_7\" name=\"wpforms[fields][7]\" ><label for=\"wpforms-6-field_8\">Email *<\/label><input type=\"email\" id=\"wpforms-6-field_8\" name=\"wpforms[fields][8]\" spellcheck=\"false\" required><label for=\"wpforms-6-field_9\">Wiadomo\u015b\u0107<\/label><textarea id=\"wpforms-6-field_9\" name=\"wpforms[fields][9]\" ><\/textarea><!-- .wpforms-field-container --><input type=\"hidden\" name=\"wpforms[id]\" value=\"6\">\t\t\t<input\n\t\t\t\ttype=\"hidden\"\n\t\t\t\tname=\"wpforms[nonce]\"\n\t\t\t\tvalue=\"0f87cc7185\"\n\t\t\t\/><br \/>\n\t\t\t<input type=\"hidden\" name=\"wpforms[author]\" value=\"1\"><button type=\"submit\" name=\"wpforms[submit]\" id=\"wpforms-submit-6\" data-alt-text=\"Sending...\" data-submit-text=\"WY\u015aLIJ\" aria-live=\"assertive\" value=\"wpforms-submit\">WY\u015aLIJ<\/button><img loading=\"lazy\" decoding=\"async\" src=\"https:\/\/drukarniamaria.pl\/wp-content\/plugins\/wpforms-lite\/assets\/images\/submit-spin.svg\" style=\"display: none;\" width=\"26\" height=\"26\" alt=\"Loading\"><\/form>\n<p>  <!-- .wpforms-container -->\t\t<\/p>\n<h3>\n\t\t\t\t\t\tEMAIL<br \/>\n\t\t\t\t<\/h3>\n<p>\n\t\t\t\t\t\tbiuro@drukarniamaria.pl\t\t\t\t\t<\/p>\n<h3>\n\t\t\t\t\t\ttelefon<br \/>\n\t\t\t\t<\/h3>\n<p>\n\t\t\t\t\t\t+48 795 800 230\t\t\t\t\t<\/p>\n<h3>\n\t\t\t\t\t\tADRES<br \/>\n\t\t\t\t<\/h3>\n<p>\n\t\t\t\t\t\tRaciborska 34<br \/>47-253 Kobylice\t\t\t\t\t<\/p>\n<h4>Obserwuj nas:<\/h4>\n<p>\t\t\t\t\t<a href=\"https:\/\/www.facebook.com\/profile.php?id=61556529034181\" target=\"_blank\" rel=\"noopener\"><br \/>\n\t\t\t\t\t\tFacebook-f<br \/>\n\t\t\t\t\t\t\t\t\t\t\t<\/a><br \/>\n\t\t\t\t\t<a target=\"_blank\" rel=\"noopener\"><br \/>\n\t\t\t\t\t\tInstagram<br \/>\n\t\t\t\t\t\t\t\t\t\t\t<\/a><\/p>\n","protected":false},"excerpt":{"rendered":"<p>Skontaktuj si\u0119 z nami Formularz kontaktowy: Please enable JavaScript in your browser to complete this form.Imi\u0119 i nazwisko\/Nazwa firmyEmail *Wiadomo\u015b\u0107 WY\u015aLIJ EMAIL biuro@drukarniamaria.pl telefon +48 795 800 230 ADRES Raciborska 3447-253 Kobylice Obserwuj nas: Facebook-f Instagram<\/p>\n","protected":false},"author":1,"featured_media":0,"parent":0,"menu_order":0,"comment_status":"closed","ping_status":"closed","template":"","meta":{"site-sidebar-layout":"no-sidebar","site-content-layout":"page-builder","ast-site-content-layout":"full-width-container","site-content-style":"unboxed","site-sidebar-style":"unboxed","ast-global-header-display":"","ast-banner-title-visibility":"","ast-main-header-display":"","ast-hfb-above-header-display":"","ast-hfb-below-header-display":"","ast-hfb-mobile-header-display":"","site-post-title":"disabled","ast-breadcrumbs-content":"","ast-featured-img":"disabled","footer-sml-layout":"","ast-disable-related-posts":"","theme-transparent-header-meta":"enabled","adv-header-id-meta":"","stick-header-meta":"","header-above-stick-meta":"","header-main-stick-meta":"","header-below-stick-meta":"","astra-migrate-meta-layouts":"set","ast-page-background-enabled":"default","ast-page-background-meta":{"desktop":{"background-color":"var(--ast-global-color-4)","background-image":"","background-repeat":"repeat","background-position":"center center","background-size":"auto","background-attachment":"scroll","background-type":"","background-media":"","overlay-type":"","overlay-color":"","overlay-opacity":"","overlay-gradient":""},"tablet":{"background-color":"","background-image":"","background-repeat":"repeat","background-position":"center center","background-size":"auto","background-attachment":"scroll","background-type":"","background-media":"","overlay-type":"","overlay-color":"","overlay-opacity":"","overlay-gradient":""},"mobile":{"background-color":"","background-image":"","background-repeat":"repeat","background-position":"center center","background-size":"auto","background-attachment":"scroll","background-type":"","background-media":"","overlay-type":"","overlay-color":"","overlay-opacity":"","overlay-gradient":""}},"ast-content-background-meta":{"desktop":{"background-color":"var(--ast-global-color-5)","background-image":"","background-repeat":"repeat","background-position":"center center","background-size":"auto","background-attachment":"scroll","background-type":"","background-media":"","overlay-type":"","overlay-color":"","overlay-opacity":"","overlay-gradient":""},"tablet":{"background-color":"var(--ast-global-color-5)","background-image":"","background-repeat":"repeat","background-position":"center center","background-size":"auto","background-attachment":"scroll","background-type":"","background-media":"","overlay-type":"","overlay-color":"","overlay-opacity":"","overlay-gradient":""},"mobile":{"background-color":"var(--ast-global-color-5)","background-image":"","background-repeat":"repeat","background-position":"center center","background-size":"auto","background-attachment":"scroll","background-type":"","background-media":"","overlay-type":"","overlay-color":"","overlay-opacity":"","overlay-gradient":""}},"footnotes":""},"class_list":["post-16","page","type-page","status-publish","hentry"],"yoast_head":"<!-- This site is optimized with the Yoast SEO plugin v27.3 - https:\/\/yoast.com\/product\/yoast-seo-wordpress\/ -->\n<title>Kontakt - Drukarnia Maria<\/title>\n<meta name=\"robots\" content=\"index, follow, max-snippet:-1, max-image-preview:large, max-video-preview:-1\" \/>\n<link rel=\"canonical\" href=\"https:\/\/drukarniamaria.pl\/index.php\/contact\/\" \/>\n<meta property=\"og:locale\" content=\"pl_PL\" \/>\n<meta property=\"og:type\" content=\"article\" \/>\n<meta property=\"og:title\" content=\"Kontakt - Drukarnia Maria\" \/>\n<meta property=\"og:description\" content=\"Skontaktuj si\u0119 z nami Formularz kontaktowy: Please enable JavaScript in your browser to complete this form.Imi\u0119 i nazwisko\/Nazwa firmyEmail *Wiadomo\u015b\u0107 WY\u015aLIJ EMAIL biuro@drukarniamaria.pl telefon +48 795 800 230 ADRES Raciborska 3447-253 Kobylice Obserwuj nas: Facebook-f Instagram\" \/>\n<meta property=\"og:url\" content=\"https:\/\/drukarniamaria.pl\/index.php\/contact\/\" \/>\n<meta property=\"og:site_name\" content=\"Drukarnia Maria\" \/>\n<meta property=\"article:modified_time\" content=\"2024-02-18T20:00:40+00:00\" \/>\n<meta property=\"og:image\" content=\"https:\/\/drukarniamaria.pl\/wp-content\/plugins\/wpforms-lite\/assets\/images\/submit-spin.svg\" \/>\n<meta name=\"twitter:card\" content=\"summary_large_image\" \/>\n<meta name=\"twitter:label1\" content=\"Szacowany czas czytania\" \/>\n\t<meta name=\"twitter:data1\" content=\"1 minuta\" \/>\n<script type=\"application\/ld+json\" class=\"yoast-schema-graph\">{\"@context\":\"https:\\\/\\\/schema.org\",\"@graph\":[{\"@type\":\"WebPage\",\"@id\":\"https:\\\/\\\/drukarniamaria.pl\\\/index.php\\\/contact\\\/\",\"url\":\"https:\\\/\\\/drukarniamaria.pl\\\/index.php\\\/contact\\\/\",\"name\":\"Kontakt - Drukarnia Maria\",\"isPartOf\":{\"@id\":\"https:\\\/\\\/drukarniamaria.pl\\\/#website\"},\"primaryImageOfPage\":{\"@id\":\"https:\\\/\\\/drukarniamaria.pl\\\/index.php\\\/contact\\\/#primaryimage\"},\"image\":{\"@id\":\"https:\\\/\\\/drukarniamaria.pl\\\/index.php\\\/contact\\\/#primaryimage\"},\"thumbnailUrl\":\"https:\\\/\\\/drukarniamaria.pl\\\/wp-content\\\/plugins\\\/wpforms-lite\\\/assets\\\/images\\\/submit-spin.svg\",\"datePublished\":\"2021-11-21T15:14:44+00:00\",\"dateModified\":\"2024-02-18T20:00:40+00:00\",\"breadcrumb\":{\"@id\":\"https:\\\/\\\/drukarniamaria.pl\\\/index.php\\\/contact\\\/#breadcrumb\"},\"inLanguage\":\"pl-PL\",\"potentialAction\":[{\"@type\":\"ReadAction\",\"target\":[\"https:\\\/\\\/drukarniamaria.pl\\\/index.php\\\/contact\\\/\"]}]},{\"@type\":\"ImageObject\",\"inLanguage\":\"pl-PL\",\"@id\":\"https:\\\/\\\/drukarniamaria.pl\\\/index.php\\\/contact\\\/#primaryimage\",\"url\":\"https:\\\/\\\/drukarniamaria.pl\\\/wp-content\\\/plugins\\\/wpforms-lite\\\/assets\\\/images\\\/submit-spin.svg\",\"contentUrl\":\"https:\\\/\\\/drukarniamaria.pl\\\/wp-content\\\/plugins\\\/wpforms-lite\\\/assets\\\/images\\\/submit-spin.svg\"},{\"@type\":\"BreadcrumbList\",\"@id\":\"https:\\\/\\\/drukarniamaria.pl\\\/index.php\\\/contact\\\/#breadcrumb\",\"itemListElement\":[{\"@type\":\"ListItem\",\"position\":1,\"name\":\"Home\",\"item\":\"https:\\\/\\\/drukarniamaria.pl\\\/\"},{\"@type\":\"ListItem\",\"position\":2,\"name\":\"Kontakt\"}]},{\"@type\":\"WebSite\",\"@id\":\"https:\\\/\\\/drukarniamaria.pl\\\/#website\",\"url\":\"https:\\\/\\\/drukarniamaria.pl\\\/\",\"name\":\"Drukarnia Maria\",\"description\":\"\",\"publisher\":{\"@id\":\"https:\\\/\\\/drukarniamaria.pl\\\/#organization\"},\"potentialAction\":[{\"@type\":\"SearchAction\",\"target\":{\"@type\":\"EntryPoint\",\"urlTemplate\":\"https:\\\/\\\/drukarniamaria.pl\\\/?s={search_term_string}\"},\"query-input\":{\"@type\":\"PropertyValueSpecification\",\"valueRequired\":true,\"valueName\":\"search_term_string\"}}],\"inLanguage\":\"pl-PL\"},{\"@type\":\"Organization\",\"@id\":\"https:\\\/\\\/drukarniamaria.pl\\\/#organization\",\"name\":\"Drukarnia Maria\",\"url\":\"https:\\\/\\\/drukarniamaria.pl\\\/\",\"logo\":{\"@type\":\"ImageObject\",\"inLanguage\":\"pl-PL\",\"@id\":\"https:\\\/\\\/drukarniamaria.pl\\\/#\\\/schema\\\/logo\\\/image\\\/\",\"url\":\"https:\\\/\\\/drukarniamaria.pl\\\/wp-content\\\/uploads\\\/2024\\\/02\\\/Drukarnia_strona_internetowa_logo__360x120_.png\",\"contentUrl\":\"https:\\\/\\\/drukarniamaria.pl\\\/wp-content\\\/uploads\\\/2024\\\/02\\\/Drukarnia_strona_internetowa_logo__360x120_.png\",\"width\":360,\"height\":120,\"caption\":\"Drukarnia Maria\"},\"image\":{\"@id\":\"https:\\\/\\\/drukarniamaria.pl\\\/#\\\/schema\\\/logo\\\/image\\\/\"}}]}<\/script>\n<!-- \/ Yoast SEO plugin. -->","yoast_head_json":{"title":"Kontakt - Drukarnia Maria","robots":{"index":"index","follow":"follow","max-snippet":"max-snippet:-1","max-image-preview":"max-image-preview:large","max-video-preview":"max-video-preview:-1"},"canonical":"https:\/\/drukarniamaria.pl\/index.php\/contact\/","og_locale":"pl_PL","og_type":"article","og_title":"Kontakt - Drukarnia Maria","og_description":"Skontaktuj si\u0119 z nami Formularz kontaktowy: Please enable JavaScript in your browser to complete this form.Imi\u0119 i nazwisko\/Nazwa firmyEmail *Wiadomo\u015b\u0107 WY\u015aLIJ EMAIL biuro@drukarniamaria.pl telefon +48 795 800 230 ADRES Raciborska 3447-253 Kobylice Obserwuj nas: Facebook-f Instagram","og_url":"https:\/\/drukarniamaria.pl\/index.php\/contact\/","og_site_name":"Drukarnia Maria","article_modified_time":"2024-02-18T20:00:40+00:00","og_image":[{"url":"https:\/\/drukarniamaria.pl\/wp-content\/plugins\/wpforms-lite\/assets\/images\/submit-spin.svg","type":"","width":"","height":""}],"twitter_card":"summary_large_image","twitter_misc":{"Szacowany czas czytania":"1 minuta"},"schema":{"@context":"https:\/\/schema.org","@graph":[{"@type":"WebPage","@id":"https:\/\/drukarniamaria.pl\/index.php\/contact\/","url":"https:\/\/drukarniamaria.pl\/index.php\/contact\/","name":"Kontakt - Drukarnia Maria","isPartOf":{"@id":"https:\/\/drukarniamaria.pl\/#website"},"primaryImageOfPage":{"@id":"https:\/\/drukarniamaria.pl\/index.php\/contact\/#primaryimage"},"image":{"@id":"https:\/\/drukarniamaria.pl\/index.php\/contact\/#primaryimage"},"thumbnailUrl":"https:\/\/drukarniamaria.pl\/wp-content\/plugins\/wpforms-lite\/assets\/images\/submit-spin.svg","datePublished":"2021-11-21T15:14:44+00:00","dateModified":"2024-02-18T20:00:40+00:00","breadcrumb":{"@id":"https:\/\/drukarniamaria.pl\/index.php\/contact\/#breadcrumb"},"inLanguage":"pl-PL","potentialAction":[{"@type":"ReadAction","target":["https:\/\/drukarniamaria.pl\/index.php\/contact\/"]}]},{"@type":"ImageObject","inLanguage":"pl-PL","@id":"https:\/\/drukarniamaria.pl\/index.php\/contact\/#primaryimage","url":"https:\/\/drukarniamaria.pl\/wp-content\/plugins\/wpforms-lite\/assets\/images\/submit-spin.svg","contentUrl":"https:\/\/drukarniamaria.pl\/wp-content\/plugins\/wpforms-lite\/assets\/images\/submit-spin.svg"},{"@type":"BreadcrumbList","@id":"https:\/\/drukarniamaria.pl\/index.php\/contact\/#breadcrumb","itemListElement":[{"@type":"ListItem","position":1,"name":"Home","item":"https:\/\/drukarniamaria.pl\/"},{"@type":"ListItem","position":2,"name":"Kontakt"}]},{"@type":"WebSite","@id":"https:\/\/drukarniamaria.pl\/#website","url":"https:\/\/drukarniamaria.pl\/","name":"Drukarnia Maria","description":"","publisher":{"@id":"https:\/\/drukarniamaria.pl\/#organization"},"potentialAction":[{"@type":"SearchAction","target":{"@type":"EntryPoint","urlTemplate":"https:\/\/drukarniamaria.pl\/?s={search_term_string}"},"query-input":{"@type":"PropertyValueSpecification","valueRequired":true,"valueName":"search_term_string"}}],"inLanguage":"pl-PL"},{"@type":"Organization","@id":"https:\/\/drukarniamaria.pl\/#organization","name":"Drukarnia Maria","url":"https:\/\/drukarniamaria.pl\/","logo":{"@type":"ImageObject","inLanguage":"pl-PL","@id":"https:\/\/drukarniamaria.pl\/#\/schema\/logo\/image\/","url":"https:\/\/drukarniamaria.pl\/wp-content\/uploads\/2024\/02\/Drukarnia_strona_internetowa_logo__360x120_.png","contentUrl":"https:\/\/drukarniamaria.pl\/wp-content\/uploads\/2024\/02\/Drukarnia_strona_internetowa_logo__360x120_.png","width":360,"height":120,"caption":"Drukarnia Maria"},"image":{"@id":"https:\/\/drukarniamaria.pl\/#\/schema\/logo\/image\/"}}]}},"_links":{"self":[{"href":"https:\/\/drukarniamaria.pl\/index.php\/wp-json\/wp\/v2\/pages\/16","targetHints":{"allow":["GET"]}}],"collection":[{"href":"https:\/\/drukarniamaria.pl\/index.php\/wp-json\/wp\/v2\/pages"}],"about":[{"href":"https:\/\/drukarniamaria.pl\/index.php\/wp-json\/wp\/v2\/types\/page"}],"author":[{"embeddable":true,"href":"https:\/\/drukarniamaria.pl\/index.php\/wp-json\/wp\/v2\/users\/1"}],"replies":[{"embeddable":true,"href":"https:\/\/drukarniamaria.pl\/index.php\/wp-json\/wp\/v2\/comments?post=16"}],"version-history":[{"count":8,"href":"https:\/\/drukarniamaria.pl\/index.php\/wp-json\/wp\/v2\/pages\/16\/revisions"}],"predecessor-version":[{"id":1879,"href":"https:\/\/drukarniamaria.pl\/index.php\/wp-json\/wp\/v2\/pages\/16\/revisions\/1879"}],"wp:attachment":[{"href":"https:\/\/drukarniamaria.pl\/index.php\/wp-json\/wp\/v2\/media?parent=16"}],"curies":[{"name":"wp","href":"https:\/\/api.w.org\/{rel}","templated":true}]}}